{"id":335,"date":"2023-05-16T20:39:36","date_gmt":"2023-05-16T18:39:36","guid":{"rendered":"https:\/\/dj1jay.de\/?page_id=335"},"modified":"2023-05-16T20:39:36","modified_gmt":"2023-05-16T18:39:36","slug":"anzeige-zeigen","status":"publish","type":"page","link":"https:\/\/dj1jay.de\/?page_id=335","title":{"rendered":"Anzeige zeigen"},"content":{"rendered":"<div class=\"awpcp-message awpcp-error notice notice-error error\"><p>No ad ID was specified. Return to <a href=\"https:\/\/dj1jay.de\/?page_id=340\">browse all ads<\/a>.<\/p><\/div>\n","protected":false},"excerpt":{"rendered":"","protected":false},"author":1,"featured_media":0,"parent":334,"menu_order":0,"comment_status":"closed","ping_status":"closed","template":"","meta":{"jetpack_post_was_ever_published":false,"footnotes":""},"class_list":["post-335","page","type-page","status-publish","hentry"],"jetpack_sharing_enabled":true,"jetpack_shortlink":"https:\/\/wp.me\/PaMxRj-5p","jetpack-related-posts":[{"id":336,"url":"https:\/\/dj1jay.de\/?page_id=336","url_meta":{"origin":335,"position":0},"title":"Antworte auf die Anzeigennachricht","author":"dj1jay","date":"16. Mai 2023","format":false,"excerpt":"","rel":"","context":"\u00c4hnlicher Beitrag","block_context":{"text":"\u00c4hnlicher Beitrag","link":""},"img":{"alt_text":"","src":"","width":0,"height":0},"classes":[]},{"id":337,"url":"https:\/\/dj1jay.de\/?page_id=337","url_meta":{"origin":335,"position":1},"title":"Anzeige bearbeiten","author":"dj1jay","date":"16. Mai 2023","format":false,"excerpt":"","rel":"","context":"\u00c4hnlicher Beitrag","block_context":{"text":"\u00c4hnlicher Beitrag","link":""},"img":{"alt_text":"","src":"","width":0,"height":0},"classes":[]},{"id":338,"url":"https:\/\/dj1jay.de\/?page_id=338","url_meta":{"origin":335,"position":2},"title":"Anzeige aufgeben","author":"dj1jay","date":"16. Mai 2023","format":false,"excerpt":"","rel":"","context":"\u00c4hnlicher Beitrag","block_context":{"text":"\u00c4hnlicher Beitrag","link":""},"img":{"alt_text":"","src":"","width":0,"height":0},"classes":[]},{"id":340,"url":"https:\/\/dj1jay.de\/?page_id=340","url_meta":{"origin":335,"position":3},"title":"In Anzeigen st\u00f6bern.","author":"dj1jay","date":"16. Mai 2023","format":false,"excerpt":"","rel":"","context":"\u00c4hnlicher Beitrag","block_context":{"text":"\u00c4hnlicher Beitrag","link":""},"img":{"alt_text":"","src":"","width":0,"height":0},"classes":[]},{"id":341,"url":"https:\/\/dj1jay.de\/?page_id=341","url_meta":{"origin":335,"position":4},"title":"Suche in Anzeigen","author":"dj1jay","date":"16. Mai 2023","format":false,"excerpt":"","rel":"","context":"\u00c4hnlicher Beitrag","block_context":{"text":"\u00c4hnlicher Beitrag","link":""},"img":{"alt_text":"","src":"","width":0,"height":0},"classes":[]},{"id":339,"url":"https:\/\/dj1jay.de\/?page_id=339","url_meta":{"origin":335,"position":5},"title":"Anzeige erneuern.","author":"dj1jay","date":"16. Mai 2023","format":false,"excerpt":"","rel":"","context":"\u00c4hnlicher Beitrag","block_context":{"text":"\u00c4hnlicher Beitrag","link":""},"img":{"alt_text":"","src":"","width":0,"height":0},"classes":[]}],"jetpack_likes_enabled":true,"_links":{"self":[{"href":"https:\/\/dj1jay.de\/index.php?rest_route=\/wp\/v2\/pages\/335","targetHints":{"allow":["GET"]}}],"collection":[{"href":"https:\/\/dj1jay.de\/index.php?rest_route=\/wp\/v2\/pages"}],"about":[{"href":"https:\/\/dj1jay.de\/index.php?rest_route=\/wp\/v2\/types\/page"}],"author":[{"embeddable":true,"href":"https:\/\/dj1jay.de\/index.php?rest_route=\/wp\/v2\/users\/1"}],"replies":[{"embeddable":true,"href":"https:\/\/dj1jay.de\/index.php?rest_route=%2Fwp%2Fv2%2Fcomments&post=335"}],"version-history":[{"count":0,"href":"https:\/\/dj1jay.de\/index.php?rest_route=\/wp\/v2\/pages\/335\/revisions"}],"up":[{"embeddable":true,"href":"https:\/\/dj1jay.de\/index.php?rest_route=\/wp\/v2\/pages\/334"}],"wp:attachment":[{"href":"https:\/\/dj1jay.de\/index.php?rest_route=%2Fwp%2Fv2%2Fmedia&parent=335"}],"curies":[{"name":"wp","href":"https:\/\/api.w.org\/{rel}","templated":true}]}}