{"id":338,"date":"2023-05-16T20:39:36","date_gmt":"2023-05-16T18:39:36","guid":{"rendered":"https:\/\/dj1jay.de\/?page_id=338"},"modified":"2023-05-16T20:39:36","modified_gmt":"2023-05-16T18:39:36","slug":"anzeige-aufgeben","status":"publish","type":"page","link":"https:\/\/dj1jay.de\/?page_id=338","title":{"rendered":"Anzeige aufgeben"},"content":{"rendered":"\n<div class=\" awpcp-page\" id=\"classiwrapper\">\n\n    \n    <form class=\"awpcp-submit-listing-page-form\"><\/form><script>var AWPCPSubmitListingPageData = {\"sections\":{\"actions\":{\"id\":\"actions\",\"position\":0,\"state\":\"disabled\",\"template\":\"\"},\"order\":{\"id\":\"order\",\"position\":5,\"state\":\"edit\",\"template\":\"<div class=\\\"awpcp-order-submit-listing-section awpcp-submit-listing-section\\\">\\n    <h2 class=\\\"awpcp-submit-listing-section-title js-handler\\\">Category selection<span><\\\/span><\\\/h2>\\n\\n    <div class=\\\"awpcp-submit-listing-section-content\\\" data-collapsible awpcp-keep-open>\\n        <div class=\\\"awpcp-order-submit-listing-section__edit_mode\\\">\\n            <form>\\n                <input type=\\\"hidden\\\" name=\\\"listing_id\\\" value=\\\"\\\"\\\/>\\n                <input type=\\\"hidden\\\" name=\\\"transaction_id\\\" value=\\\"\\\"\\\/>\\n\\n                <div class=\\\"awpcp-form-spacer\\\">\\n                    <label class=\\\"awpcp-category-dropdown-label\\\" for=\\\"awpcp-category-dropdown-69debd10563bf\\\">Please select a category for your ad<span class=\\\"required\\\">*<\\\/span><\\\/label>\\n\\n\\n<select id=\\\"awpcp-category-dropdown-69debd10563bf\\\" class=\\\"awpcp-category-dropdown awpcp-dropdown required\\\" name=\\\"category\\\" data-hash=\\\"69debd10563bf\\\" placeholder=\\\"Select a Category\\\" style=\\\"width: 100%\\\">\\n        <option class=\\\"awpcp-dropdown-placeholder\\\">Select a Category<\\\/option>\\n    <option class=\\\"dropdownparentcategory\\\" value=\\\"44\\\">Antennen<\\\/option><option class=\\\"dropdownparentcategory\\\" value=\\\"45\\\">Funkger\\u00e4te<\\\/option><option class=\\\"dropdownparentcategory\\\" value=\\\"42\\\">Globale Einstellungen<\\\/option><option class=\\\"dropdownparentcategory\\\" value=\\\"46\\\">Sonstiges<\\\/option><option class=\\\"dropdownparentcategory\\\" value=\\\"43\\\">Technik<\\\/option><\\\/select>\\n\\n\\n<script type=\\\"text\\\/javascript\\\">var categories_69debd10563bf = {\\\"mode\\\":\\\"basic\\\",\\\"select2\\\":{\\\"containerCssClass\\\":\\\"awpcp-category-dropdown-selection\\\",\\\"dropdownCssClass\\\":\\\"awpcp-category-dropdown-options\\\",\\\"allowClear\\\":true,\\\"placeholder\\\":\\\"Select a Category\\\",\\\"maximumSelectionLength\\\":100},\\\"selectedCategoriesIds\\\":[],\\\"categoriesHierarchy\\\":{\\\"root\\\":[{\\\"term_id\\\":44,\\\"name\\\":\\\"Antennen\\\",\\\"slug\\\":\\\"antennen\\\",\\\"term_group\\\":0,\\\"term_taxonomy_id\\\":44,\\\"taxonomy\\\":\\\"awpcp_listing_category\\\",\\\"description\\\":\\\"\\\",\\\"parent\\\":0,\\\"count\\\":0,\\\"filter\\\":\\\"raw\\\"},{\\\"term_id\\\":45,\\\"name\\\":\\\"Funkger\\\\u00e4te\\\",\\\"slug\\\":\\\"funkgeraete\\\",\\\"term_group\\\":0,\\\"term_taxonomy_id\\\":45,\\\"taxonomy\\\":\\\"awpcp_listing_category\\\",\\\"description\\\":\\\"\\\",\\\"parent\\\":0,\\\"count\\\":0,\\\"filter\\\":\\\"raw\\\"},{\\\"term_id\\\":42,\\\"name\\\":\\\"Globale Einstellungen\\\",\\\"slug\\\":\\\"globale-einstellungen\\\",\\\"term_group\\\":0,\\\"term_taxonomy_id\\\":42,\\\"taxonomy\\\":\\\"awpcp_listing_category\\\",\\\"description\\\":\\\"\\\",\\\"parent\\\":0,\\\"count\\\":0,\\\"filter\\\":\\\"raw\\\"},{\\\"term_id\\\":46,\\\"name\\\":\\\"Sonstiges\\\",\\\"slug\\\":\\\"sonstiges\\\",\\\"term_group\\\":0,\\\"term_taxonomy_id\\\":46,\\\"taxonomy\\\":\\\"awpcp_listing_category\\\",\\\"description\\\":\\\"\\\",\\\"parent\\\":0,\\\"count\\\":0,\\\"filter\\\":\\\"raw\\\"},{\\\"term_id\\\":43,\\\"name\\\":\\\"Technik\\\",\\\"slug\\\":\\\"technik\\\",\\\"term_group\\\":0,\\\"term_taxonomy_id\\\":43,\\\"taxonomy\\\":\\\"awpcp_listing_category\\\",\\\"description\\\":\\\"\\\",\\\"parent\\\":0,\\\"count\\\":0,\\\"filter\\\":\\\"raw\\\"}]},\\\"paymentTerms\\\":{\\\"fee-0\\\":{\\\"numberOfCategoriesAllowed\\\":1,\\\"categories\\\":[]}},\\\"subcategoryLabel\\\":\\\"Select a Sub-category\\\"};<\\\/script>\\n                <\\\/div>\\n\\n                <div class=\\\"awpcp-form-spacer awpcp-hidden\\\">\\n                    <label for=\\\"ad-user-id\\\">Who is the owner of this ad?<span class=\\\"required\\\">*<\\\/span><\\\/label>\\n\\n<select id=\\\"ad-user-id\\\" name=\\\"user\\\" class=\\\"awpcp-user-selector\\\" data-configuration=\\\"{&quot;selected&quot;:&quot;&quot;,&quot;mode&quot;:&quot;inline&quot;,&quot;select2&quot;:[]}\\\" style=\\\"width: 100%\\\">\\n    \\n    <\\\/select>\\n                <\\\/div>\\n\\n                <div class=\\\"awpcp-form-spacer\\\">\\n                    <label>Please select the duration and features that will be available for this ad<span class=\\\"required\\\">*<\\\/span><\\\/label>\\n\\n                                                                                    \\n                    <ul class=\\\"awpcp-payment-terms-list\\\">\\n        <li class=\\\"awpcp-payment-term awpcp-clearfix\\\" data-id=\\\"fee-0\\\" data-number-of-categories-allowed=\\\"1\\\" data-categories=\\\"[]\\\">\\n        <div class=\\\"awpcp-payment-term-content\\\">\\n            <span class=\\\"awpcp-payment-term-name\\\">Free Listing<\\\/span>\\n                        <ul class=\\\"awpcp-payment-term-features\\\">\\n                                <li class=\\\"awpcp-payment-term-feature\\\"><strong>4<\\\/strong> images allowed.<\\\/li>\\n                                <li class=\\\"awpcp-payment-term-feature\\\">Up to <strong>100<\\\/strong> characters in listing's title.<\\\/li>\\n                                <li class=\\\"awpcp-payment-term-feature\\\">Up to <strong>750<\\\/strong> characters in listing's content.<\\\/li>\\n                                <li class=\\\"awpcp-payment-term-feature\\\">Up to <strong>1<\\\/strong> categories allowed.<\\\/li>\\n                            <\\\/ul>\\n        <\\\/div>\\n        <div class=\\\"awpcp-payment-term-duration-price\\\">\\n            <div class=\\\"awpcp-payment-term-duration\\\">10 Years<\\\/div>\\n                                        <label class=\\\"awpcp-payment-term-price-in-money\\\"><input type=\\\"radio\\\" name=\\\"payment_term\\\" value=\\\"fee-0-money\\\" checked data-payment-term-id=\\\"0\\\" data-payment-term-type=\\\"fee\\\" data-payment-term-mode=\\\"money\\\" data-payment-term-summary=\\\"Free Listing &ndash; 10 Years (\\u20ac0,00)\\\">&nbsp;<span class=\\\"awpcp-payment-terms-list-payment-term-currency-amount\\\">\\u20ac0,00<\\\/span><\\\/label>\\n                                <\\\/div>\\n        <!-- extra -->\\n    <\\\/li>\\n    <\\\/ul>\\n                                                        <\\\/div>\\n\\n                                <div class=\\\"awpcp-form-spacer awpcp-captcha\\\">\\n                    <div class=\\\"awpcp-recaptcha-action\\\" data-name=\\\"awpcp_submit\\\" data-sitekey=\\\"6LfWcrAZAAAAAKVDROenZazUmrZs5Hx-eFtbLfMQ\\\"><input type=\\\"hidden\\\" name=\\\"awpcp_recaptcha_v3_response\\\" \\\/><\\\/div>                                    <\\\/div>\\n                \\n                <p class=\\\"form-submit\\\">\\n                    <input class=\\\"awpcp-order-submit-listing-section--continue-button button button-primary\\\" type=\\\"submit\\\" value=\\\"Continue\\\"\\\/>\\n                <\\\/p>\\n            <\\\/form>\\n        <\\\/div>\\n\\n        <div class=\\\"awpcp-order-submit-listing-section__read_mode\\\">\\n            <p class=\\\"awpcp-order-submit-listing-section--selected-categories-container\\\">\\n                Your ad will be posted on the following categories: <span class=\\\"awpcp-order-submit-listing-section--selected-categories\\\"><\\\/span>.            <\\\/p>\\n                        <div class=\\\"awpcp-payment-terms-list\\\" style=\\\"display: none\\\">\\n                <div class=\\\"awpcp-order-submit-listing-section--payment-term awpcp-payment-term awpcp-payment-term__read_only\\\"><\\\/div>\\n            <\\\/div>\\n\\n            <p class=\\\"awpcp-order-submit-listing-section--credit-plan\\\">Credit Plan: <span><\\\/span><\\\/p>\\n            <p class=\\\"awpcp-order-submit-listing-section--listing-owner\\\">Owner: <span><\\\/span><\\\/p>\\n\\n            <p class=\\\"form-submit\\\">\\n            <span class=\\\"awpcp-order-submit-listing-section--loading-message\\\">Loading ad fields<span class=\\\"awpcp-spinner\\\"><\\\/span><\\\/span>\\n                <input class=\\\"awpcp-order-submit-listing-section--change-selection-button button button-primary\\\" type=\\\"submit\\\" value=\\\"Change selection\\\"\\\/>\\n            <\\\/p>\\n        <\\\/div>\\n    <\\\/div>\\n\\n    <script type=\\\"text\\\/javascript\\\">\\n    \\\/* <![CDATA[ *\\\/\\n        window.awpcp = window.awpcp || {};\\n        window.awpcp.options = window.awpcp.options || [];\\n        window.awpcp.options.push( ['create_empty_listing_nonce', \\\"a3762b466b\\\" ] );\\n        window.awpcp.options.push( ['update_listing_order_nonce', \\\"d40c2a74c6\\\" ] );\\n    \\\/* ]]> *\\\/\\n    <\\\/script>\\n<\\\/div>\\n\"},\"listing-dates\":{\"id\":\"listing-dates\",\"position\":10,\"state\":\"disabled\",\"template\":\"<div class=\\\"awpcp-listing-dates-submit-listing-section awpcp-submit-listing-section\\\">\\n    <h2 class=\\\"awpcp-submit-listing-section-title js-handler\\\">Dates<span><\\\/span><\\\/h2>\\n    <div class=\\\"awpcp-submit-listing-section-content\\\" data-collapsible awpcp-keep-open>\\n        <div class=\\\"awpcp-listing-dates-submit-listing-section__loading_mode\\\">\\n            Loading...        <\\\/div>\\n        <div class=\\\"awpcp-listing-dates-submit-listing-section__edit_mode\\\">\\n            <form>\\n                <p><\\\/p>\\n                            <\\\/form>\\n        <\\\/div>\\n\\n    <\\\/div>\\n<\\\/div>\\n\"},\"listing-fields\":{\"id\":\"listing-fields\",\"position\":15,\"state\":\"disabled\",\"template\":\"<div class=\\\"awpcp-listing-fields-submit-listing-section awpcp-submit-listing-section\\\">\\n    <h2 class=\\\"awpcp-submit-listing-section-title js-handler\\\">Fields<span><\\\/span><\\\/h2>\\n\\n    <div class=\\\"awpcp-submit-listing-section-content\\\" data-collapsible awpcp-keep-open>\\n        <div class=\\\"awpcp-listing-fields-submit-listing-section__loading_mode\\\">\\n            Loading...        <\\\/div>\\n        <div class=\\\"awpcp-listing-fields-submit-listing-section__edit_mode\\\">\\n            <form>\\n                <p class=\\\"awpcp-form-field awpcp-clearfix   awpcp-form-spacer awpcp-form-spacer-title\\\">\\n    <label class=\\\"awpcp-form-field__label\\\" for=\\\"ad-title\\\">Listing Title<span class=\\\"required\\\">*<\\\/span><\\\/label>\\n    <input class=\\\"awpcp-textfield awpcp-has-value inputbox\\\" id=\\\"ad-title\\\" type=\\\"text\\\" size=\\\"50\\\" name=\\\"ad_title\\\" value=\\\"\\\" required data-max-characters=\\\"0\\\" data-remaining-characters=\\\"0\\\"\\\/>\\n    <label for=\\\"ad-title\\\" class=\\\"characters-left\\\"><span class=\\\"characters-left-placeholder\\\"><\\\/span>Unlimited characters<\\\/label>\\n    <\\\/p>\\n\\n<p class=\\\"awpcp-form-field awpcp-clearfix   awpcp-form-spacer\\\">\\n        <label class=\\\"awpcp-form-field__label\\\" for=\\\"websiteurl\\\">Website URL<\\\/label>\\n    <input class=\\\"awpcp-textfield awpcp-has-value inputbox classifiedsurl\\\" id=\\\"websiteurl\\\" type=\\\"text\\\" size=\\\"50\\\" name=\\\"websiteurl\\\" value=\\\"\\\" \\\/>\\n    <\\\/p>\\n\\n<p class=\\\"awpcp-form-field awpcp-clearfix   awpcp-form-spacer\\\">\\n    <label class=\\\"awpcp-form-field__label\\\" for=\\\"ad-contact-name\\\">Contact Name<span class=\\\"required\\\">*<\\\/span><\\\/label>\\n    <input class=\\\"awpcp-textfield awpcp-has-value inputbox\\\" id=\\\"ad-contact-name\\\"  type=\\\"text\\\" size=\\\"50\\\" name=\\\"ad_contact_name\\\" value=\\\"\\\" required\\\/>\\n    <\\\/p>\\n\\n<p class=\\\"awpcp-form-field awpcp-clearfix   awpcp-form-spacer\\\">\\n    <label class=\\\"awpcp-form-field__label\\\" for=\\\"ad-contact-email\\\">Contact Email<span class=\\\"required\\\">*<\\\/span><\\\/label>\\n    <input class=\\\"awpcp-textfield awpcp-has-value inputbox\\\" id=\\\"ad-contact-email\\\"  type=\\\"email\\\" size=\\\"50\\\" name=\\\"ad_contact_email\\\" value=\\\"\\\" required\\\/>\\n        <label class=\\\"helptext\\\" for=\\\"ad-contact-email\\\">The access codes needed to edit your listing will be sent to this email address.<\\\/label>\\n        <\\\/p>\\n\\n<p class=\\\"awpcp-form-field awpcp-clearfix   awpcp-form-spacer\\\">\\n    <label class=\\\"awpcp-form-field__label\\\" for=\\\"ad-contact-phone\\\">\\n        Contact Phone Number<span class=\\\"required\\\">*<\\\/span>            <\\\/label>\\n    <input class=\\\"awpcp-textfield awpcp-has-value inputbox required\\\" id=\\\"ad-contact-phone\\\"  type=\\\"text\\\" size=\\\"50\\\" name=\\\"ad_contact_phone\\\" value=\\\"\\\" \\\/>\\n    <\\\/p>\\n\\n<div class=\\\"awpcp-price-form-field awpcp-form-field awpcp-clearfix awpcp-form-spacer\\\">\\n    <label class=\\\"awpcp-form-field__label\\\" for=\\\"ad-item-price\\\">\\n        Item Price            <\\\/label>\\n        <label class=\\\"awpcp-price-form-field__currency-symbol-container --currency-symbol-on-left\\\"><span class=\\\"awpcp-price-form-field-curency-symbol awpcp-price-form-field-curency-symbol-on-left\\\">\\u20ac<\\\/span><input class=\\\"awpcp-textfield awpcp-price-textfield awpcp-has-value inputbox money\\\" id=\\\"ad-item-price\\\"  type=\\\"text\\\" size=\\\"50\\\" name=\\\"ad_item_price\\\" value=\\\"0,00\\\" \\\/><\\\/label>\\n        <\\\/div>\\n\\n<p class=\\\"awpcp-form-field awpcp-clearfix awpcp-form-spacer\\\">\\n    <label class=\\\"awpcp-form-field__label\\\" for=\\\"ad-details\\\">Ad Details<span class=\\\"required\\\">*<\\\/span><\\\/label>\\n            <label for=\\\"ad-details\\\" class=\\\"helptext\\\">Kein HTML erlaubt<\\\/label>\\n        <textarea id=\\\"ad-details\\\" class=\\\"awpcp-textarea awpcp-has-value\\\"  name=\\\"ad_details\\\" rows=\\\"10\\\" cols=\\\"50\\\" required data-max-characters=\\\"0\\\" data-remaining-characters=\\\"0\\\"><\\\/textarea>\\n    <label for=\\\"ad-details\\\" class=\\\"characters-left\\\"><span class=\\\"characters-left-placeholder\\\"><\\\/span>Unlimited characters<\\\/label>\\n<\\\/p>\\n\\n<p class=\\\"awpcp-form-spacer\\\">\\n                    <label>Terms of Service*<\\\/label>\\n        <textarea class=\\\"awpcp-textarea\\\" readonly=\\\"readonly\\\" rows=\\\"5\\\" cols=\\\"50\\\"><\\\/textarea>\\n        \\n        <label class=\\\"awpcp-terms-of-service-checkbox awpcp-button\\\">\\n            <input class=\\\"awpcp-has-value required\\\" id=\\\"terms-of-service\\\" type=\\\"checkbox\\\" name=\\\"terms_of_service\\\" value=\\\"accepted\\\" \\\/>\\n            <span>I agree to the terms of service<\\\/span>\\n        <\\\/label>\\n    \\n    <\\\/p>\\n            <\\\/form>\\n        <\\\/div>\\n\\n    <\\\/div>\\n\\n    <script type=\\\"text\\\/javascript\\\">\\n    \\\/* <![CDATA[ *\\\/\\n        window.awpcp = window.awpcp || {};\\n        window.awpcp.options = window.awpcp.options || [];\\n        window.awpcp.options.push( ['save_listing_information_nonce', \\\"3119657e78\\\" ] );\\n        window.awpcp.options.push( ['clear_listing_information_nonce', \\\"2085872bef\\\" ] );\\n        window.awpcp.options.push( ['edit_listing_nonce', \\\"c6c877dad8\\\" ] );\\n    \\\/* ]]> *\\\/\\n    <\\\/script>\\n<\\\/div>\\n\"},\"upload-media\":{\"id\":\"upload-media\",\"position\":20,\"state\":\"disabled\",\"template\":\"<div class=\\\"awpcp-upload-media-submit-listing-section awpcp-submit-listing-section\\\">\\n    <h2 class=\\\"awpcp-submit-listing-section-title js-handler\\\">Images and attachments<span><\\\/span><\\\/h2>\\n\\n    <div class=\\\"awpcp-submit-listing-section-content\\\" data-collapsible awpcp-keep-open>\\n        <div class=\\\"awpcp-upload-media-listing-section__loading_mode\\\">\\n            Loading...        <\\\/div>\\n        <div class=\\\"awpcp-upload-media-listing-section__edit_mode\\\">\\n                                <\\\/div>\\n    <\\\/div>\\n<\\\/div>\\n\"},\"save\":{\"id\":\"save\",\"position\":99,\"state\":\"disabled\",\"template\":\"<div class=\\\"awpcp-submit-listing-section-container\\\">\\n        <div class=\\\"awpcp-save-submit-listing-section awpcp-submit-listing-section\\\">\\n        <h2 class=\\\"awpcp-submit-listing-section-title\\\">Preview Ad<\\\/h2>\\n        <div class=\\\"awpcp-submit-listing-section-content\\\">\\n            <div class=\\\"awpcp-save-submit-listing-section__edit_mode\\\">\\n                <div class=\\\"awpcp-preview-listing-button-container\\\">\\n                    <input class=\\\"awpcp-preview-listing-button button\\\" type=\\\"submit\\\" value=\\\"Preview Ad\\\" name=\\\"preview\\\" data-refresh-label=\\\"Refresh Preview\\\" \\\/>\\n                <\\\/div>\\n                <div class=\\\"awpcp-listing-preview-container\\\"><\\\/div>\\n            <\\\/div>\\n        <\\\/div>\\n    <\\\/div>\\n        <p class=\\\"form-submit\\\">\\n        <input class=\\\"button\\\" type=\\\"reset\\\" value=\\\"Clear form\\\"\\\/>\\n        <input class=\\\"awpcp-submit-listing-button button button-primary\\\" type=\\\"submit\\\" value=\\\"Complete Ad\\\" name=\\\"submit\\\"\\\/>\\n    <\\\/p>\\n<\\\/div>\\n\"}},\"mode\":\"create\",\"payments_enabled\":\"0\"};<\/script>\n<\/div>\n\n","protected":false},"excerpt":{"rendered":"","protected":false},"author":1,"featured_media":0,"parent":334,"menu_order":0,"comment_status":"closed","ping_status":"closed","template":"","meta":{"jetpack_post_was_ever_published":false,"footnotes":""},"class_list":["post-338","page","type-page","status-publish","hentry"],"jetpack_sharing_enabled":true,"jetpack_shortlink":"https:\/\/wp.me\/PaMxRj-5s","jetpack-related-posts":[{"id":335,"url":"https:\/\/dj1jay.de\/?page_id=335","url_meta":{"origin":338,"position":0},"title":"Anzeige zeigen","author":"dj1jay","date":"16. Mai 2023","format":false,"excerpt":"","rel":"","context":"\u00c4hnlicher Beitrag","block_context":{"text":"\u00c4hnlicher Beitrag","link":""},"img":{"alt_text":"","src":"","width":0,"height":0},"classes":[]},{"id":336,"url":"https:\/\/dj1jay.de\/?page_id=336","url_meta":{"origin":338,"position":1},"title":"Antworte auf die Anzeigennachricht","author":"dj1jay","date":"16. Mai 2023","format":false,"excerpt":"","rel":"","context":"\u00c4hnlicher Beitrag","block_context":{"text":"\u00c4hnlicher Beitrag","link":""},"img":{"alt_text":"","src":"","width":0,"height":0},"classes":[]},{"id":337,"url":"https:\/\/dj1jay.de\/?page_id=337","url_meta":{"origin":338,"position":2},"title":"Anzeige bearbeiten","author":"dj1jay","date":"16. Mai 2023","format":false,"excerpt":"","rel":"","context":"\u00c4hnlicher Beitrag","block_context":{"text":"\u00c4hnlicher Beitrag","link":""},"img":{"alt_text":"","src":"","width":0,"height":0},"classes":[]},{"id":340,"url":"https:\/\/dj1jay.de\/?page_id=340","url_meta":{"origin":338,"position":3},"title":"In Anzeigen st\u00f6bern.","author":"dj1jay","date":"16. Mai 2023","format":false,"excerpt":"","rel":"","context":"\u00c4hnlicher Beitrag","block_context":{"text":"\u00c4hnlicher Beitrag","link":""},"img":{"alt_text":"","src":"","width":0,"height":0},"classes":[]},{"id":341,"url":"https:\/\/dj1jay.de\/?page_id=341","url_meta":{"origin":338,"position":4},"title":"Suche in Anzeigen","author":"dj1jay","date":"16. Mai 2023","format":false,"excerpt":"","rel":"","context":"\u00c4hnlicher Beitrag","block_context":{"text":"\u00c4hnlicher Beitrag","link":""},"img":{"alt_text":"","src":"","width":0,"height":0},"classes":[]},{"id":339,"url":"https:\/\/dj1jay.de\/?page_id=339","url_meta":{"origin":338,"position":5},"title":"Anzeige erneuern.","author":"dj1jay","date":"16. Mai 2023","format":false,"excerpt":"","rel":"","context":"\u00c4hnlicher Beitrag","block_context":{"text":"\u00c4hnlicher Beitrag","link":""},"img":{"alt_text":"","src":"","width":0,"height":0},"classes":[]}],"jetpack_likes_enabled":true,"_links":{"self":[{"href":"https:\/\/dj1jay.de\/index.php?rest_route=\/wp\/v2\/pages\/338","targetHints":{"allow":["GET"]}}],"collection":[{"href":"https:\/\/dj1jay.de\/index.php?rest_route=\/wp\/v2\/pages"}],"about":[{"href":"https:\/\/dj1jay.de\/index.php?rest_route=\/wp\/v2\/types\/page"}],"author":[{"embeddable":true,"href":"https:\/\/dj1jay.de\/index.php?rest_route=\/wp\/v2\/users\/1"}],"replies":[{"embeddable":true,"href":"https:\/\/dj1jay.de\/index.php?rest_route=%2Fwp%2Fv2%2Fcomments&post=338"}],"version-history":[{"count":0,"href":"https:\/\/dj1jay.de\/index.php?rest_route=\/wp\/v2\/pages\/338\/revisions"}],"up":[{"embeddable":true,"href":"https:\/\/dj1jay.de\/index.php?rest_route=\/wp\/v2\/pages\/334"}],"wp:attachment":[{"href":"https:\/\/dj1jay.de\/index.php?rest_route=%2Fwp%2Fv2%2Fmedia&parent=338"}],"curies":[{"name":"wp","href":"https:\/\/api.w.org\/{rel}","templated":true}]}}