{"id":341,"date":"2023-05-16T20:39:36","date_gmt":"2023-05-16T18:39:36","guid":{"rendered":"https:\/\/dj1jay.de\/?page_id=341"},"modified":"2023-05-16T20:39:36","modified_gmt":"2023-05-16T18:39:36","slug":"suche-in-anzeigen","status":"publish","type":"page","link":"https:\/\/dj1jay.de\/?page_id=341","title":{"rendered":"Suche in Anzeigen"},"content":{"rendered":"\n<div class=\"awpcp-search-ads awpcp-page\" id=\"classiwrapper\">\n\n            <ul class=\"awpcp-classifieds-menu awpcp-clearfix\" data-breakpoints='{\"tiny\": [0,400], \"small\": [400,500]}' data-breakpoints-class-prefix=\"awpcp-classifieds-menu\">\n    <li class=\"awpcp-classifieds-menu--menu-item awpcp-classifieds-menu--post-listing-menu-item\">\n        <a class=\"awpcp-classifieds-menu--menu-item-link button\" href=\"https:\/\/dj1jay.de\/?page_id=338\">Anzeige aufgeben<\/a>\n    <\/li>\n    <li class=\"awpcp-classifieds-menu--menu-item awpcp-classifieds-menu--edit-listing-menu-item\">\n        <a class=\"awpcp-classifieds-menu--menu-item-link button\" href=\"https:\/\/dj1jay.de\/?page_id=337\">Anzeige bearbeiten<\/a>\n    <\/li>\n    <li class=\"awpcp-classifieds-menu--menu-item awpcp-classifieds-menu--browse-listings-menu-item\">\n        <a class=\"awpcp-classifieds-menu--menu-item-link button\" href=\"https:\/\/dj1jay.de\/?page_id=340\">In Anzeigen st\u00f6bern.<\/a>\n    <\/li>\n    <li class=\"awpcp-classifieds-menu--menu-item awpcp-classifieds-menu--search-listings-menu-item\">\n        <a class=\"awpcp-classifieds-menu--menu-item-link button\" href=\"https:\/\/dj1jay.de\/?page_id=341\">Suche in Anzeigen<\/a>\n    <\/li>\n<\/ul>\n    \n    <form class=\"awpcp-search-ads-form\" method=\"get\" action=\"https:\/\/dj1jay.de\/index.php?rest_route=%2Fwp%2Fv2%2Fpages%2F341\"name=\"myform\">\n    <input type=\"hidden\" name=\"rest_route\" value=\"\/wp\/v2\/pages\/341\" \/>\n<input type=\"hidden\" name=\"awpcp-step\" value=\"dosearch\" \/>\n    <p class=\"awpcp-form-field awpcp-form-spacer\">\n        <label for=\"query\">Search for ads containing this word or phrase:<\/label>\n        <input type=\"text\" id=\"query\" class=\"awpcp-textfield inputbox\" size=\"50\" name=\"keywordphrase\" value=\"\" \/>\n            <\/p>\n\n    <p class=\"awpcp-form-spacer\">\n        <label class=\"awpcp-category-dropdown-label\" for=\"awpcp-category-dropdown-69f385cca585c\">Ad Category<\/label>\n\n\n<select id=\"awpcp-category-dropdown-69f385cca585c\" class=\"awpcp-category-dropdown awpcp-dropdown \" name=\"searchcategory[]\" data-hash=\"69f385cca585c\" placeholder=\"All Categories\" multiple=\"multiple\" style=\"width: 100%\">\n    <option class=\"dropdownparentcategory\" value=\"44\">Antennen<\/option><option class=\"dropdownparentcategory\" value=\"45\">Funkger\u00e4te<\/option><option class=\"dropdownparentcategory\" value=\"42\">Globale Einstellungen<\/option><option class=\"dropdownparentcategory\" value=\"46\">Sonstiges<\/option><option class=\"dropdownparentcategory\" value=\"43\">Technik<\/option><\/select>\n\n\n<script type=\"text\/javascript\">var categories_69f385cca585c = {\"mode\":\"basic\",\"select2\":{\"containerCssClass\":\"awpcp-category-dropdown-selection\",\"dropdownCssClass\":\"awpcp-category-dropdown-options\",\"allowClear\":true,\"placeholder\":\"All Categories\",\"maximumSelectionLength\":100},\"selectedCategoriesIds\":[],\"categoriesHierarchy\":{\"root\":[{\"term_id\":44,\"name\":\"Antennen\",\"slug\":\"antennen\",\"term_group\":0,\"term_taxonomy_id\":44,\"taxonomy\":\"awpcp_listing_category\",\"description\":\"\",\"parent\":0,\"count\":0,\"filter\":\"raw\"},{\"term_id\":45,\"name\":\"Funkger\\u00e4te\",\"slug\":\"funkgeraete\",\"term_group\":0,\"term_taxonomy_id\":45,\"taxonomy\":\"awpcp_listing_category\",\"description\":\"\",\"parent\":0,\"count\":0,\"filter\":\"raw\"},{\"term_id\":42,\"name\":\"Globale Einstellungen\",\"slug\":\"globale-einstellungen\",\"term_group\":0,\"term_taxonomy_id\":42,\"taxonomy\":\"awpcp_listing_category\",\"description\":\"\",\"parent\":0,\"count\":0,\"filter\":\"raw\"},{\"term_id\":46,\"name\":\"Sonstiges\",\"slug\":\"sonstiges\",\"term_group\":0,\"term_taxonomy_id\":46,\"taxonomy\":\"awpcp_listing_category\",\"description\":\"\",\"parent\":0,\"count\":0,\"filter\":\"raw\"},{\"term_id\":43,\"name\":\"Technik\",\"slug\":\"technik\",\"term_group\":0,\"term_taxonomy_id\":43,\"taxonomy\":\"awpcp_listing_category\",\"description\":\"\",\"parent\":0,\"count\":0,\"filter\":\"raw\"}]},\"paymentTerms\":[],\"subcategoryLabel\":\"Select a Sub-category\"};<\/script>\n    <\/p>\n\n        <p class=\"awpcp-form-field awpcp-form-spacer\">\n        <label for=\"name\">For ads posted by<\/label>\n        <select id=\"name\" name=\"searchname\">\n            <option value=\"\">All Users<\/option>\n                    <\/select>\n    <\/p>\n    \n        <div class=\"awpcp-form-field awpcp-range-form-field awpcp-form-spacer\">\n        <div class=\"awpcp-range-search\">\n            <label for=\"min-price\">Min price<\/label>\n            <input id=\"min-price\" class=\"awpcp-textfield inputbox money\" type=\"text\" name=\"searchpricemin\" value=\"\">\n        <\/div>\n        <div class=\"awpcp-range-search\">\n            <label for=\"max-price\">Max price<\/label>\n            <input id=\"max-price\" class=\"awpcp-textfield inputbox money\" type=\"text\" name=\"searchpricemax\" value=\"\">\n        <\/div>\n                    <\/div>\n    \n    \n    \n    <p class=\"awpcp-form-field\"><input type=\"submit\" class=\"button\" value=\"Find Ads\"\/><\/p>\n<\/form>\n<\/div>\n\n","protected":false},"excerpt":{"rendered":"","protected":false},"author":1,"featured_media":0,"parent":334,"menu_order":0,"comment_status":"closed","ping_status":"closed","template":"","meta":{"jetpack_post_was_ever_published":false,"footnotes":""},"class_list":["post-341","page","type-page","status-publish","hentry"],"jetpack_sharing_enabled":true,"jetpack_shortlink":"https:\/\/wp.me\/PaMxRj-5v","jetpack-related-posts":[{"id":335,"url":"https:\/\/dj1jay.de\/?page_id=335","url_meta":{"origin":341,"position":0},"title":"Anzeige zeigen","author":"dj1jay","date":"16. Mai 2023","format":false,"excerpt":"","rel":"","context":"\u00c4hnlicher Beitrag","block_context":{"text":"\u00c4hnlicher Beitrag","link":""},"img":{"alt_text":"","src":"","width":0,"height":0},"classes":[]},{"id":336,"url":"https:\/\/dj1jay.de\/?page_id=336","url_meta":{"origin":341,"position":1},"title":"Antworte auf die Anzeigennachricht","author":"dj1jay","date":"16. Mai 2023","format":false,"excerpt":"","rel":"","context":"\u00c4hnlicher Beitrag","block_context":{"text":"\u00c4hnlicher Beitrag","link":""},"img":{"alt_text":"","src":"","width":0,"height":0},"classes":[]},{"id":337,"url":"https:\/\/dj1jay.de\/?page_id=337","url_meta":{"origin":341,"position":2},"title":"Anzeige bearbeiten","author":"dj1jay","date":"16. Mai 2023","format":false,"excerpt":"","rel":"","context":"\u00c4hnlicher Beitrag","block_context":{"text":"\u00c4hnlicher Beitrag","link":""},"img":{"alt_text":"","src":"","width":0,"height":0},"classes":[]},{"id":338,"url":"https:\/\/dj1jay.de\/?page_id=338","url_meta":{"origin":341,"position":3},"title":"Anzeige aufgeben","author":"dj1jay","date":"16. Mai 2023","format":false,"excerpt":"","rel":"","context":"\u00c4hnlicher Beitrag","block_context":{"text":"\u00c4hnlicher Beitrag","link":""},"img":{"alt_text":"","src":"","width":0,"height":0},"classes":[]},{"id":340,"url":"https:\/\/dj1jay.de\/?page_id=340","url_meta":{"origin":341,"position":4},"title":"In Anzeigen st\u00f6bern.","author":"dj1jay","date":"16. Mai 2023","format":false,"excerpt":"","rel":"","context":"\u00c4hnlicher Beitrag","block_context":{"text":"\u00c4hnlicher Beitrag","link":""},"img":{"alt_text":"","src":"","width":0,"height":0},"classes":[]},{"id":339,"url":"https:\/\/dj1jay.de\/?page_id=339","url_meta":{"origin":341,"position":5},"title":"Anzeige erneuern.","author":"dj1jay","date":"16. Mai 2023","format":false,"excerpt":"","rel":"","context":"\u00c4hnlicher Beitrag","block_context":{"text":"\u00c4hnlicher Beitrag","link":""},"img":{"alt_text":"","src":"","width":0,"height":0},"classes":[]}],"jetpack_likes_enabled":true,"_links":{"self":[{"href":"https:\/\/dj1jay.de\/index.php?rest_route=\/wp\/v2\/pages\/341","targetHints":{"allow":["GET"]}}],"collection":[{"href":"https:\/\/dj1jay.de\/index.php?rest_route=\/wp\/v2\/pages"}],"about":[{"href":"https:\/\/dj1jay.de\/index.php?rest_route=\/wp\/v2\/types\/page"}],"author":[{"embeddable":true,"href":"https:\/\/dj1jay.de\/index.php?rest_route=\/wp\/v2\/users\/1"}],"replies":[{"embeddable":true,"href":"https:\/\/dj1jay.de\/index.php?rest_route=%2Fwp%2Fv2%2Fcomments&post=341"}],"version-history":[{"count":0,"href":"https:\/\/dj1jay.de\/index.php?rest_route=\/wp\/v2\/pages\/341\/revisions"}],"up":[{"embeddable":true,"href":"https:\/\/dj1jay.de\/index.php?rest_route=\/wp\/v2\/pages\/334"}],"wp:attachment":[{"href":"https:\/\/dj1jay.de\/index.php?rest_route=%2Fwp%2Fv2%2Fmedia&parent=341"}],"curies":[{"name":"wp","href":"https:\/\/api.w.org\/{rel}","templated":true}]}}